{"id":1628,"date":"2024-11-20T17:21:17","date_gmt":"2024-11-20T16:21:17","guid":{"rendered":"https:\/\/ny.curamaassistans.se\/?page_id=1628"},"modified":"2024-11-20T17:25:37","modified_gmt":"2024-11-20T16:25:37","slug":"juridisk-radgivning","status":"publish","type":"page","link":"https:\/\/curamaassistans.se\/?page_id=1628","title":{"rendered":"Juridisk r\u00e5dgivning"},"content":{"rendered":"<p><div class=\"fusion-fullwidth fullwidth-box fusion-builder-row-1 fusion-flex-container hundred-percent-fullwidth non-hundred-percent-height-scrolling\" style=\"--awb-border-radius-top-left:0px;--awb-border-radius-top-right:0px;--awb-border-radius-bottom-right:0px;--awb-border-radius-bottom-left:0px;--awb-padding-top:0px;--awb-padding-right:0px;--awb-padding-bottom:0px;--awb-padding-left:0px;--awb-margin-top:0px;--awb-flex-wrap:wrap;\" ><div class=\"fusion-builder-row fusion-row fusion-flex-align-items-flex-start fusion-flex-content-wrap\" style=\"width:104% !important;max-width:104% !important;margin-left: calc(-4% \/ 2 );margin-right: calc(-4% \/ 2 );\"><div class=\"fusion-layout-column fusion_builder_column fusion-builder-column-0 fusion_builder_column_1_1 1_1 fusion-flex-column\" style=\"--awb-bg-blend:overlay;--awb-bg-size:cover;--awb-width-large:100%;--awb-margin-top-large:-60px;--awb-spacing-right-large:1.92%;--awb-margin-bottom-large:40px;--awb-spacing-left-large:1.92%;--awb-width-medium:100%;--awb-spacing-right-medium:1.92%;--awb-spacing-left-medium:1.92%;--awb-width-small:100%;--awb-spacing-right-small:1.92%;--awb-spacing-left-small:1.92%;\"><div class=\"fusion-column-wrapper fusion-flex-justify-content-flex-start fusion-content-layout-column\"><div class=\"fusion-section-separator section-separator rounded-split fusion-section-separator-1 rounded-split-separator\" style=\"--awb-spacer-height:71px;--awb-svg-margin-left:1.92%;--awb-svg-margin-right:1.92%;--awb-svg-margin-left-medium:1.92%;--awb-svg-margin-right-medium:1.92%;--awb-svg-margin-left-small:1.92%;--awb-svg-margin-right-small:1.92%;\"><div class=\"fusion-section-separator-svg\"><div class=\"rounded-split bottom\" style=\"background-color:var(--awb-color1);\"><\/div><\/div><div class=\"fusion-section-separator-spacer\"><div class=\"fusion-section-separator-spacer-height\"><\/div><\/div><\/div><\/div><\/div><\/div><\/div><div class=\"fusion-fullwidth fullwidth-box fusion-builder-row-2 fusion-flex-container nonhundred-percent-fullwidth non-hundred-percent-height-scrolling\" style=\"--awb-border-radius-top-left:0px;--awb-border-radius-top-right:0px;--awb-border-radius-bottom-right:0px;--awb-border-radius-bottom-left:0px;--awb-padding-top:50px;--awb-padding-bottom:0px;--awb-padding-top-medium:24px;--awb-padding-bottom-small:0px;--awb-flex-wrap:wrap;\" ><div class=\"fusion-builder-row fusion-row fusion-flex-align-items-stretch fusion-flex-content-wrap\" style=\"max-width:1289.6px;margin-left: calc(-4% \/ 2 );margin-right: calc(-4% \/ 2 );\"><div class=\"fusion-layout-column fusion_builder_column fusion-builder-column-1 fusion_builder_column_1_1 1_1 fusion-flex-column\" style=\"--awb-padding-bottom-medium:40px;--awb-bg-blend:overlay;--awb-bg-size:cover;--awb-width-large:100%;--awb-margin-top-large:0px;--awb-spacing-right-large:1.92%;--awb-margin-bottom-large:60px;--awb-spacing-left-large:1.92%;--awb-width-medium:100%;--awb-spacing-right-medium:1.92%;--awb-spacing-left-medium:1.92%;--awb-width-small:100%;--awb-spacing-right-small:1.92%;--awb-spacing-left-small:1.92%;\"><div class=\"fusion-column-wrapper fusion-flex-justify-content-center fusion-content-layout-column\"><div class=\"fusion-text fusion-text-1\"><h4 style=\"color: rgb(115, 185, 232); --fontSize: 22; line-height: 1.22; --minFontSize: 22;\" data-fontsize=\"22\" data-lineheight=\"26.84px\" class=\"fusion-responsive-typography-calculated\"><span style=\"font-family: var(--awb-text-font-family); font-size: var(--awb-font-size); font-style: var(--awb-text-font-style); letter-spacing: var(--awb-letter-spacing); text-align: var(--awb-content-alignment); text-transform: var(--awb-text-transform);\">Beh\u00f6ver du hj\u00e4lp med din assistans ans\u00f6kan eller har du fr\u00e5gor kring ett beslut fr\u00e5n din kommun eller F\u00f6rs\u00e4kringskassan? D\u00e5 f\u00e5r du g\u00e4rna kontakta oss. Vi har jurister som har l\u00e5ng erfarenhet av att arbeta som ombud inom personlig assistans.<\/span><br \/><\/h4>\n<p>Vi hj\u00e4lper dig med allt kring ans\u00f6kningar av assistanstimmar till kontakt med myndigheter. Vi har erfarenhet av att arbeta med barn, ungdomar och vuxna med olika hj\u00e4lpbehov och kan se \u00f6ver ditt totala behov av hj\u00e4lp f\u00f6r att du ska kunna leva ett liv som andra.<\/p>\n<h4 data-fontsize=\"22\" data-lineheight=\"26.84px\" class=\"fusion-responsive-typography-calculated\" style=\"--fontSize: 22; line-height: 1.22; --minFontSize: 22;\"><\/h4>\n<\/div><div class=\"fusion-separator fusion-full-width-sep\" style=\"align-self: center;margin-left: auto;margin-right: auto;margin-top:25px;width:100%;\"><\/div><\/div><\/div><\/div><\/div><\/p>\n","protected":false},"excerpt":{"rendered":"","protected":false},"author":1,"featured_media":0,"parent":0,"menu_order":0,"comment_status":"closed","ping_status":"closed","template":"100-width.php","meta":{"footnotes":""},"class_list":["post-1628","page","type-page","status-publish","hentry"],"_links":{"self":[{"href":"https:\/\/curamaassistans.se\/index.php?rest_route=\/wp\/v2\/pages\/1628","targetHints":{"allow":["GET"]}}],"collection":[{"href":"https:\/\/curamaassistans.se\/index.php?rest_route=\/wp\/v2\/pages"}],"about":[{"href":"https:\/\/curamaassistans.se\/index.php?rest_route=\/wp\/v2\/types\/page"}],"author":[{"embeddable":true,"href":"https:\/\/curamaassistans.se\/index.php?rest_route=\/wp\/v2\/users\/1"}],"replies":[{"embeddable":true,"href":"https:\/\/curamaassistans.se\/index.php?rest_route=%2Fwp%2Fv2%2Fcomments&post=1628"}],"version-history":[{"count":3,"href":"https:\/\/curamaassistans.se\/index.php?rest_route=\/wp\/v2\/pages\/1628\/revisions"}],"predecessor-version":[{"id":1635,"href":"https:\/\/curamaassistans.se\/index.php?rest_route=\/wp\/v2\/pages\/1628\/revisions\/1635"}],"wp:attachment":[{"href":"https:\/\/curamaassistans.se\/index.php?rest_route=%2Fwp%2Fv2%2Fmedia&parent=1628"}],"curies":[{"name":"wp","href":"https:\/\/api.w.org\/{rel}","templated":true}]}}